{"id":1161,"date":"2014-02-20T11:00:08","date_gmt":"2014-02-20T11:00:08","guid":{"rendered":"http:\/\/muffingroup.com\/dev8624\/betheme\/?page_id=2"},"modified":"2021-08-31T10:45:46","modified_gmt":"2021-08-31T08:45:46","slug":"home","status":"publish","type":"page","link":"https:\/\/www.lraakmda.fr\/","title":{"rendered":"Home"},"content":{"rendered":"<p>[vc_row][vc_column][vc_separator color=&#8221;custom&#8221; style=&#8221;shadow&#8221; border_width=&#8221;5&#8243; accent_color=&#8221;#dd3333&#8243;][vc_custom_heading text=&#8221;Actualit\u00e9s&#8221; font_container=&#8221;tag:h2|text_align:center&#8221; use_theme_fonts=&#8221;yes&#8221;][vc_separator color=&#8221;blue&#8221; style=&#8221;shadow&#8221;][\/vc_column][\/vc_row][vc_row][vc_column width=&#8221;5\/6&#8243;][vc_wp_posts number=&#8221;5&#8243;][\/vc_column][vc_column width=&#8221;1\/6&#8243;][vc_wp_calendar title=&#8221;Calendrier&#8221;][vc_facebook type=&#8221;button_count&#8221;][\/vc_column][\/vc_row][vc_row][vc_column][vc_separator color=&#8221;blue&#8221; style=&#8221;shadow&#8221;][\/vc_column][\/vc_row][vc_row][vc_column][vc_video link=&#8221;https:\/\/vimeo.com\/506025049&#8243; align=&#8221;center&#8221; title=&#8221;Notre derni\u00e8re vid\u00e9o&#8221;][vc_separator color=&#8221;blue&#8221; style=&#8221;shadow&#8221;]<div class=\"article_box\"><a href=\"https:\/\/www.creditmutuel.fr\/fr\/particuliers\/etudes\/jeunes-qui-s-engagent.html  \" target=\"_blank\"><div class=\"photo_wrapper\"><img class=\"scale-with-grid\" src=\"https:\/\/www.lraakmda.fr\/wp-content\/uploads\/2021\/04\/unnamed-3.png\" alt=\"\" width=\"\" height=\"\"\/><\/div><div class=\"desc_wrapper\"><p>C\u2019est \u00e7a un partenariat gagnant-gagnant !<\/p><h4>Vous avez des jeunes de -26ans dans votre association? Sapeur-pompier, arbitre, animateur BAFA, pr\u00e9sident ou tr\u00e9sorier d'association, volontaire au service civique... Le Cr\u00e9dit Mutuel r\u00e9compense leur engagement.<\/h4><i class=\"icon-right-open themecolor\"><\/i><\/div><\/a><\/div>\n[vc_separator color=&#8221;blue&#8221; style=&#8221;shadow&#8221;][\/vc_column][\/vc_row][vc_row][vc_column width=&#8221;1\/2&#8243;][vc_column_text]<\/p>\n<h1 style=\"text-align: center;\">Acc\u00e9dez \u00e0 votre espace FFKMDA :<\/h1>\n<h1 style=\"text-align: center;\"><a href=\"http:\/\/intranet.ffkmda.fr\">Cliquez ici\u00a0<\/a><a href=\"http:\/\/intranet.ffkmda.fr\"><br \/>\n<\/a><\/h1>\n<p>[\/vc_column_text][vc_btn title=&#8221;Espace FFKMDA&#8221; align=&#8221;center&#8221; link=&#8221;url:http%3A%2F%2Fintranet.ffkmda.fr|||&#8221;][vc_column_text]<\/p>\n<h3 style=\"text-align: center;\"><strong>Pour vous inscrire aux comp\u00e9titions, cliquez sur le bouton :<\/strong><\/h3>\n<p>[\/vc_column_text][vc_btn title=&#8221;Inscription comp\u00e9tition&#8221; align=&#8221;center&#8221; link=&#8221;url:http%3A%2F%2Fffkmdacompetitions.fr%2FFR%2Fdefault.aspx|||&#8221;][\/vc_column][vc_column width=&#8221;1\/2&#8243;]<div class=\"get_in_touch\" ><h3>Contactez-nous !<\/h3><div class=\"get_in_touch_wrapper\"><ul><li class=\"address\"><span class=\"icon\"><i class=\"icon-location\"><\/i><\/span><span class=\"address_wrapper\">LRAAKMDA - CROS Rh\u00f4ne Alpes<br \/>\n16 place Jean-Jacques Rousseau CS 92013<br \/>\n38307 Bourgoin, France<\/span><\/li><li class=\"phone phone-1\"><span class=\"icon\"><i class=\"icon-phone\"><\/i><\/span><p><a href=\"tel:0650432240\">0650432240<\/a><\/p><\/li><li class=\"mail\"><span class=\"icon\"><i class=\"icon-mail\"><\/i><\/span><p><a href=\"mailto:LRAAKMDA.stevendenizot@gmail.com\">LRAAKMDA.stevendenizot@gmail.com<\/a><\/p><\/li><li class=\"www\"><span class=\"icon\"><i class=\"icon-link\"><\/i><\/span><p><a target=\"_blank\" href=\"http:\/\/www.lraakmda.fr\">www.lraakmda.fr<\/a><\/p><\/li><\/ul><\/div><\/div>\n[\/vc_column][\/vc_row][vc_row][vc_column]<div class=\"get_in_touch\" ><div class=\"get_in_touch_wrapper\"><ul><\/ul><\/div><\/div>\n[\/vc_column][\/vc_row]<\/p>\n","protected":false},"excerpt":{"rendered":"<p>[vc_row][vc_column][vc_separator color=&#8221;custom&#8221; style=&#8221;shadow&#8221; border_width=&#8221;5&#8243; accent_color=&#8221;#dd3333&#8243;][vc_custom_heading text=&#8221;Actualit\u00e9s&#8221; font_container=&#8221;tag:h2|text_align:center&#8221; use_theme_fonts=&#8221;yes&#8221;][vc_separator color=&#8221;blue&#8221; style=&#8221;shadow&#8221;][\/vc_column][\/vc_row][vc_row][vc_column width=&#8221;5\/6&#8243;][vc_wp_posts number=&#8221;5&#8243;][\/vc_column][vc_column width=&#8221;1\/6&#8243;][vc_wp_calendar title=&#8221;Calendrier&#8221;][vc_facebook type=&#8221;button_count&#8221;][\/vc_column][\/vc_row][vc_row][vc_column][vc_separator color=&#8221;blue&#8221; style=&#8221;shadow&#8221;][\/vc_column][\/vc_row][vc_row][vc_column][vc_video link=&#8221;https:\/\/vimeo.com\/506025049&#8243; align=&#8221;center&#8221; title=&#8221;Notre derni\u00e8re vid\u00e9o&#8221;][vc_separator color=&#8221;blue&#8221; style=&#8221;shadow&#8221;][vc_separator color=&#8221;blue&#8221; style=&#8221;shadow&#8221;][\/vc_column][\/vc_row][vc_row][vc_column<span class=\"excerpt-hellip\"> [\u2026]<\/span><\/p>\n","protected":false},"author":1,"featured_media":0,"parent":0,"menu_order":0,"comment_status":"open","ping_status":"closed","template":"","meta":[],"_links":{"self":[{"href":"https:\/\/www.lraakmda.fr\/index.php\/wp-json\/wp\/v2\/pages\/1161"}],"collection":[{"href":"https:\/\/www.lraakmda.fr\/index.php\/wp-json\/wp\/v2\/pages"}],"about":[{"href":"https:\/\/www.lraakmda.fr\/index.php\/wp-json\/wp\/v2\/types\/page"}],"author":[{"embeddable":true,"href":"https:\/\/www.lraakmda.fr\/index.php\/wp-json\/wp\/v2\/users\/1"}],"replies":[{"embeddable":true,"href":"https:\/\/www.lraakmda.fr\/index.php\/wp-json\/wp\/v2\/comments?post=1161"}],"version-history":[{"count":18,"href":"https:\/\/www.lraakmda.fr\/index.php\/wp-json\/wp\/v2\/pages\/1161\/revisions"}],"predecessor-version":[{"id":13986,"href":"https:\/\/www.lraakmda.fr\/index.php\/wp-json\/wp\/v2\/pages\/1161\/revisions\/13986"}],"wp:attachment":[{"href":"https:\/\/www.lraakmda.fr\/index.php\/wp-json\/wp\/v2\/media?parent=1161"}],"curies":[{"name":"wp","href":"https:\/\/api.w.org\/{rel}","templated":true}]}}