{"id":205,"date":"2014-03-31T07:21:13","date_gmt":"2014-03-31T07:21:13","guid":{"rendered":"http:\/\/muffingroup.com\/dev8624\/betheme\/?page_id=205"},"modified":"2021-11-05T13:30:41","modified_gmt":"2021-11-05T12:30:41","slug":"formation","status":"publish","type":"page","link":"https:\/\/www.lraakmda.fr\/index.php\/formation\/","title":{"rendered":"Formation"},"content":{"rendered":"\n<p class=\"has-text-align-center\" style=\"font-size:37px\">FORMATION<\/p>\n\n\n\n<div class=\"wp-block-image\"><figure class=\"aligncenter size-large\"><img loading=\"lazy\" width=\"1000\" height=\"280\" src=\"http:\/\/www.lraakmda.fr\/wp-content\/uploads\/2021\/11\/Sans-titre-7.png\" alt=\"\" class=\"wp-image-14135\" srcset=\"https:\/\/www.lraakmda.fr\/wp-content\/uploads\/2021\/11\/Sans-titre-7.png 1000w, https:\/\/www.lraakmda.fr\/wp-content\/uploads\/2021\/11\/Sans-titre-7-300x84.png 300w, https:\/\/www.lraakmda.fr\/wp-content\/uploads\/2021\/11\/Sans-titre-7-768x215.png 768w, https:\/\/www.lraakmda.fr\/wp-content\/uploads\/2021\/11\/Sans-titre-7-260x73.png 260w, https:\/\/www.lraakmda.fr\/wp-content\/uploads\/2021\/11\/Sans-titre-7-50x14.png 50w, https:\/\/www.lraakmda.fr\/wp-content\/uploads\/2021\/11\/Sans-titre-7-150x42.png 150w\" sizes=\"(max-width: 1000px) 100vw, 1000px\" \/><\/figure><\/div>\n\n\n\n<p style=\"font-size:40px\"><strong>BPJEPS<\/strong><\/p>\n\n\n\n<hr class=\"wp-block-separator is-style-wide\"\/>\n\n\n\n<div class=\"wp-block-columns\">\n<div class=\"wp-block-column\" style=\"flex-basis:100%\">\n<div class=\"wp-block-group\"><div class=\"wp-block-group__inner-container\">\n<div class=\"wp-block-group\"><div class=\"wp-block-group__inner-container\">\n<p class=\"has-background\" style=\"background-color:#f6f0bd;font-size:18px\"><a href=\"http:\/\/www.lraakmda.fr\/wp-content\/uploads\/2021\/11\/fiche-re\u0301cap-BPJPES-SPORTS-DE-CONTACT.pdf\" data-type=\"URL\" data-id=\"http:\/\/www.lraakmda.fr\/wp-content\/uploads\/2021\/11\/fiche-re\u0301cap-BPJPES-SPORTS-DE-CONTACT.pdf\" target=\"_blank\" rel=\"noreferrer noopener\"><strong>Fiche r\u00e9capitulative<\/strong><\/a><\/p>\n\n\n\n<p class=\"has-background\" style=\"background-color:#dfe1e2;font-size:18px\"><strong><a href=\"http:\/\/www.lraakmda.fr\/wp-content\/uploads\/2021\/09\/re\u0301glement-interieur-OF.pdf\" target=\"_blank\" rel=\"noreferrer noopener\">R\u00e8glement int\u00e9rieur de l&#8217;organisme de formation<\/a><\/strong><\/p>\n\n\n\n<p class=\"has-background\" style=\"background-color:#f6f0bd;font-size:18px\"><a href=\"http:\/\/www.lraakmda.fr\/wp-content\/uploads\/2021\/08\/RUBAN-2021-2022-complet-.pdf\" target=\"_blank\" rel=\"noreferrer noopener\"><strong>D\u00e9roul\u00e9 P\u00e9dagogique BPJEPS<\/strong> <strong>complet<\/strong><\/a><\/p>\n\n\n\n<p class=\"has-background\" style=\"background-color:#dfe1e2;font-size:18px\"><strong><a href=\"http:\/\/www.lraakmda.fr\/wp-content\/uploads\/2021\/08\/RUBAN-2021-2022-bmf-2.pdf\" target=\"_blank\" rel=\"noreferrer noopener\">D\u00e9roul\u00e9 P\u00e9dagogique BPJEPS BMF2<\/a><\/strong><\/p>\n\n\n\n<p class=\"has-background\" style=\"background-color:#f6f0bd;font-size:18px\"><strong><a href=\"http:\/\/www.lraakmda.fr\/wp-content\/uploads\/2021\/08\/RUBAN-2021-2022-BMF-3.pdf\" target=\"_blank\" rel=\"noreferrer noopener\">D\u00e9roul\u00e9 P\u00e9dagogique BPJEPS BMF3<\/a><\/strong><\/p>\n\n\n\n<p class=\"has-background\" style=\"background-color:#dfe1e2;font-size:18px\"><strong><a href=\"https:\/\/www.francecompetences.fr\/recherche\/rncp\/28573\/\" data-type=\"URL\" data-id=\"https:\/\/www.francecompetences.fr\/recherche\/rncp\/28573\/\">Fiche RNCP BPJEPS<\/a><\/strong><\/p>\n\n\n\n<p class=\"has-background\" style=\"background-color:#f6f0bd;font-size:18px\"><strong><a rel=\"noreferrer noopener\" href=\"http:\/\/www.lraakmda.fr\/wp-content\/uploads\/2021\/08\/annexe_bp_sports_de_contact_et_da-2802207.pdf\" target=\"_blank\">Arr\u00eat\u00e9 de cr\u00e9ation<\/a><\/strong><\/p>\n\n\n\n<p class=\"has-background\" style=\"background-color:#dfe1e2;font-size:18px\"><strong><a href=\"http:\/\/www.lraakmda.fr\/wp-content\/uploads\/2021\/09\/BO-annexe_bp_sports_de_contact_et_da-2802207.pdf\" target=\"_blank\" rel=\"noreferrer noopener\">Extrait du BO<\/a><\/strong><\/p>\n\n\n\n<p class=\"has-background\" style=\"background-color:#f6f0bd;font-size:18px\"><strong><a rel=\"noreferrer noopener\" href=\"http:\/\/www.lraakmda.fr\/wp-content\/uploads\/2021\/08\/DOSSIER-DE-CANDIDATURE-BPJEPS-LRAAKMDA2021.pdf\" target=\"_blank\">Dossier d\u2019inscription BPJEPS<\/a><\/strong><\/p>\n<\/div><\/div>\n<\/div><\/div>\n<\/div>\n<\/div>\n\n\n\n<div style=\"height:1px\" aria-hidden=\"true\" class=\"wp-block-spacer\"><\/div>\n\n\n\n<h2>Public en situation de handicap<\/h2>\n\n\n\n<hr class=\"wp-block-separator is-style-wide\"\/>\n\n\n\n<p style=\"font-size:19px\">Dans le cadre de son engagement \u00e9thique et responsable, la LRAAKMDA \u00e9tudie toutes les situations particuli\u00e8res des personnes souhaitant s\u2019inscrire afin de faciliter leur participation. N\u2019h\u00e9sitez pas \u00e0 nous contacter.&nbsp;<\/p>\n\n\n\n<p class=\"has-medium-font-size\">Pour mettre en \u0153uvre les solutions op\u00e9rationnelles pour r\u00e9pondre aux situations particuli\u00e8res des b\u00e9n\u00e9ficiaires, nous utilisons des ressources ad\u00e9quates et notamment&nbsp;celles de la d\u00e9marche H+&nbsp;:<br><a href=\"https:\/\/handicap-plus.auvergnerhonealpes.fr\/ressources\/annuaire-contacts-utiles\/\" target=\"_blank\" rel=\"noreferrer noopener\">https:\/\/handicap-plus.auvergnerhonealpes.fr\/ressources\/annuaire-contacts-utiles\/<\/a><\/p>\n\n\n\n<div class=\"wp-block-file\"><a href=\"http:\/\/www.lraakmda.fr\/wp-content\/uploads\/2021\/08\/Dossier-Amenagement-epreuve-handicap.pdf\" target=\"_blank\" rel=\"noreferrer noopener\">Dossier-Amenagement-epreuve-handicap<\/a><a href=\"http:\/\/www.lraakmda.fr\/wp-content\/uploads\/2021\/08\/Dossier-Amenagement-epreuve-handicap.pdf\" class=\"wp-block-file__button\" download>T\u00e9l\u00e9charger<\/a><\/div>\n\n\n\n<div style=\"height:62px\" aria-hidden=\"true\" class=\"wp-block-spacer\"><\/div>\n\n\n\n<div class=\"wp-block-group\"><div class=\"wp-block-group__inner-container\">\n<figure class=\"wp-block-embed is-type-video is-provider-vimeo wp-block-embed-vimeo wp-embed-aspect-16-9 wp-has-aspect-ratio\"><div class=\"wp-block-embed__wrapper\">\n<iframe title=\"BPJEPS LRAAKMDA\" src=\"https:\/\/player.vimeo.com\/video\/506025049?h=5c5c2cbcad&amp;dnt=1&amp;app_id=122963\" width=\"1200\" height=\"675\" frameborder=\"0\" allow=\"autoplay; fullscreen; picture-in-picture\" allowfullscreen><\/iframe>\n<\/div><\/figure>\n<\/div><\/div>\n\n\n\n<h2>Partenaires<\/h2>\n\n\n\n<hr class=\"wp-block-separator is-style-wide\"\/>\n\n\n\n<figure class=\"wp-block-gallery columns-7 is-cropped\"><ul class=\"blocks-gallery-grid\"><li class=\"blocks-gallery-item\"><figure><img loading=\"lazy\" width=\"300\" height=\"300\" src=\"http:\/\/www.lraakmda.fr\/wp-content\/uploads\/2021\/08\/sesame-1-300x300.jpg\" alt=\"\" data-id=\"14040\" data-full-url=\"http:\/\/www.lraakmda.fr\/wp-content\/uploads\/2021\/08\/sesame-1.jpg\" data-link=\"http:\/\/www.lraakmda.fr\/?attachment_id=14040\" class=\"wp-image-14040\" srcset=\"https:\/\/www.lraakmda.fr\/wp-content\/uploads\/2021\/08\/sesame-1-300x300.jpg 300w, https:\/\/www.lraakmda.fr\/wp-content\/uploads\/2021\/08\/sesame-1-150x150.jpg 150w, https:\/\/www.lraakmda.fr\/wp-content\/uploads\/2021\/08\/sesame-1-768x767.jpg 768w, https:\/\/www.lraakmda.fr\/wp-content\/uploads\/2021\/08\/sesame-1-146x146.jpg 146w, https:\/\/www.lraakmda.fr\/wp-content\/uploads\/2021\/08\/sesame-1-50x50.jpg 50w, https:\/\/www.lraakmda.fr\/wp-content\/uploads\/2021\/08\/sesame-1-75x75.jpg 75w, https:\/\/www.lraakmda.fr\/wp-content\/uploads\/2021\/08\/sesame-1-85x85.jpg 85w, https:\/\/www.lraakmda.fr\/wp-content\/uploads\/2021\/08\/sesame-1-80x80.jpg 80w, https:\/\/www.lraakmda.fr\/wp-content\/uploads\/2021\/08\/sesame-1.jpg 909w\" sizes=\"(max-width: 300px) 100vw, 300px\" \/><\/figure><\/li><li class=\"blocks-gallery-item\"><figure><img loading=\"lazy\" width=\"300\" height=\"300\" src=\"http:\/\/www.lraakmda.fr\/wp-content\/uploads\/2021\/08\/region-1-300x300.jpg\" alt=\"\" data-id=\"14039\" data-full-url=\"http:\/\/www.lraakmda.fr\/wp-content\/uploads\/2021\/08\/region-1.jpg\" data-link=\"http:\/\/www.lraakmda.fr\/?attachment_id=14039\" class=\"wp-image-14039\" srcset=\"https:\/\/www.lraakmda.fr\/wp-content\/uploads\/2021\/08\/region-1-300x300.jpg 300w, https:\/\/www.lraakmda.fr\/wp-content\/uploads\/2021\/08\/region-1-150x150.jpg 150w, https:\/\/www.lraakmda.fr\/wp-content\/uploads\/2021\/08\/region-1-768x767.jpg 768w, https:\/\/www.lraakmda.fr\/wp-content\/uploads\/2021\/08\/region-1-146x146.jpg 146w, https:\/\/www.lraakmda.fr\/wp-content\/uploads\/2021\/08\/region-1-50x50.jpg 50w, https:\/\/www.lraakmda.fr\/wp-content\/uploads\/2021\/08\/region-1-75x75.jpg 75w, https:\/\/www.lraakmda.fr\/wp-content\/uploads\/2021\/08\/region-1-85x85.jpg 85w, https:\/\/www.lraakmda.fr\/wp-content\/uploads\/2021\/08\/region-1-80x80.jpg 80w, https:\/\/www.lraakmda.fr\/wp-content\/uploads\/2021\/08\/region-1.jpg 909w\" sizes=\"(max-width: 300px) 100vw, 300px\" \/><\/figure><\/li><li class=\"blocks-gallery-item\"><figure><img loading=\"lazy\" width=\"300\" height=\"300\" src=\"http:\/\/www.lraakmda.fr\/wp-content\/uploads\/2021\/08\/poleemploi-1-300x300.jpg\" alt=\"\" data-id=\"14038\" data-full-url=\"http:\/\/www.lraakmda.fr\/wp-content\/uploads\/2021\/08\/poleemploi-1.jpg\" data-link=\"http:\/\/www.lraakmda.fr\/?attachment_id=14038\" class=\"wp-image-14038\" srcset=\"https:\/\/www.lraakmda.fr\/wp-content\/uploads\/2021\/08\/poleemploi-1-300x300.jpg 300w, https:\/\/www.lraakmda.fr\/wp-content\/uploads\/2021\/08\/poleemploi-1-150x150.jpg 150w, https:\/\/www.lraakmda.fr\/wp-content\/uploads\/2021\/08\/poleemploi-1-768x767.jpg 768w, https:\/\/www.lraakmda.fr\/wp-content\/uploads\/2021\/08\/poleemploi-1-146x146.jpg 146w, https:\/\/www.lraakmda.fr\/wp-content\/uploads\/2021\/08\/poleemploi-1-50x50.jpg 50w, https:\/\/www.lraakmda.fr\/wp-content\/uploads\/2021\/08\/poleemploi-1-75x75.jpg 75w, https:\/\/www.lraakmda.fr\/wp-content\/uploads\/2021\/08\/poleemploi-1-85x85.jpg 85w, https:\/\/www.lraakmda.fr\/wp-content\/uploads\/2021\/08\/poleemploi-1-80x80.jpg 80w, https:\/\/www.lraakmda.fr\/wp-content\/uploads\/2021\/08\/poleemploi-1.jpg 909w\" sizes=\"(max-width: 300px) 100vw, 300px\" \/><\/figure><\/li><li class=\"blocks-gallery-item\"><figure><img loading=\"lazy\" width=\"300\" height=\"300\" src=\"http:\/\/www.lraakmda.fr\/wp-content\/uploads\/2021\/08\/cpf-2-300x300.jpg\" alt=\"\" data-id=\"14036\" data-full-url=\"http:\/\/www.lraakmda.fr\/wp-content\/uploads\/2021\/08\/cpf-2.jpg\" data-link=\"http:\/\/www.lraakmda.fr\/?attachment_id=14036\" class=\"wp-image-14036\" srcset=\"https:\/\/www.lraakmda.fr\/wp-content\/uploads\/2021\/08\/cpf-2-300x300.jpg 300w, https:\/\/www.lraakmda.fr\/wp-content\/uploads\/2021\/08\/cpf-2-150x150.jpg 150w, https:\/\/www.lraakmda.fr\/wp-content\/uploads\/2021\/08\/cpf-2-768x767.jpg 768w, https:\/\/www.lraakmda.fr\/wp-content\/uploads\/2021\/08\/cpf-2-146x146.jpg 146w, https:\/\/www.lraakmda.fr\/wp-content\/uploads\/2021\/08\/cpf-2-50x50.jpg 50w, https:\/\/www.lraakmda.fr\/wp-content\/uploads\/2021\/08\/cpf-2-75x75.jpg 75w, https:\/\/www.lraakmda.fr\/wp-content\/uploads\/2021\/08\/cpf-2-85x85.jpg 85w, https:\/\/www.lraakmda.fr\/wp-content\/uploads\/2021\/08\/cpf-2-80x80.jpg 80w, https:\/\/www.lraakmda.fr\/wp-content\/uploads\/2021\/08\/cpf-2.jpg 909w\" sizes=\"(max-width: 300px) 100vw, 300px\" \/><\/figure><\/li><li class=\"blocks-gallery-item\"><figure><img loading=\"lazy\" width=\"300\" height=\"300\" src=\"http:\/\/www.lraakmda.fr\/wp-content\/uploads\/2021\/08\/CA-1-300x300.jpg\" alt=\"\" data-id=\"14035\" data-full-url=\"http:\/\/www.lraakmda.fr\/wp-content\/uploads\/2021\/08\/CA-1.jpg\" data-link=\"http:\/\/www.lraakmda.fr\/?attachment_id=14035\" class=\"wp-image-14035\" srcset=\"https:\/\/www.lraakmda.fr\/wp-content\/uploads\/2021\/08\/CA-1-300x300.jpg 300w, https:\/\/www.lraakmda.fr\/wp-content\/uploads\/2021\/08\/CA-1-150x150.jpg 150w, https:\/\/www.lraakmda.fr\/wp-content\/uploads\/2021\/08\/CA-1-768x767.jpg 768w, https:\/\/www.lraakmda.fr\/wp-content\/uploads\/2021\/08\/CA-1-146x146.jpg 146w, https:\/\/www.lraakmda.fr\/wp-content\/uploads\/2021\/08\/CA-1-50x50.jpg 50w, https:\/\/www.lraakmda.fr\/wp-content\/uploads\/2021\/08\/CA-1-75x75.jpg 75w, https:\/\/www.lraakmda.fr\/wp-content\/uploads\/2021\/08\/CA-1-85x85.jpg 85w, https:\/\/www.lraakmda.fr\/wp-content\/uploads\/2021\/08\/CA-1-80x80.jpg 80w, https:\/\/www.lraakmda.fr\/wp-content\/uploads\/2021\/08\/CA-1.jpg 909w\" sizes=\"(max-width: 300px) 100vw, 300px\" \/><\/figure><\/li><li class=\"blocks-gallery-item\"><figure><img loading=\"lazy\" width=\"300\" height=\"300\" src=\"http:\/\/www.lraakmda.fr\/wp-content\/uploads\/2021\/08\/agence-N-1-1-300x300.jpg\" alt=\"\" data-id=\"14034\" data-full-url=\"http:\/\/www.lraakmda.fr\/wp-content\/uploads\/2021\/08\/agence-N-1-1.jpg\" data-link=\"http:\/\/www.lraakmda.fr\/?attachment_id=14034\" class=\"wp-image-14034\" srcset=\"https:\/\/www.lraakmda.fr\/wp-content\/uploads\/2021\/08\/agence-N-1-1-300x300.jpg 300w, https:\/\/www.lraakmda.fr\/wp-content\/uploads\/2021\/08\/agence-N-1-1-150x150.jpg 150w, https:\/\/www.lraakmda.fr\/wp-content\/uploads\/2021\/08\/agence-N-1-1-768x767.jpg 768w, https:\/\/www.lraakmda.fr\/wp-content\/uploads\/2021\/08\/agence-N-1-1-146x146.jpg 146w, https:\/\/www.lraakmda.fr\/wp-content\/uploads\/2021\/08\/agence-N-1-1-50x50.jpg 50w, https:\/\/www.lraakmda.fr\/wp-content\/uploads\/2021\/08\/agence-N-1-1-75x75.jpg 75w, https:\/\/www.lraakmda.fr\/wp-content\/uploads\/2021\/08\/agence-N-1-1-85x85.jpg 85w, https:\/\/www.lraakmda.fr\/wp-content\/uploads\/2021\/08\/agence-N-1-1-80x80.jpg 80w, https:\/\/www.lraakmda.fr\/wp-content\/uploads\/2021\/08\/agence-N-1-1.jpg 909w\" sizes=\"(max-width: 300px) 100vw, 300px\" \/><\/figure><\/li><li class=\"blocks-gallery-item\"><figure><img loading=\"lazy\" width=\"300\" height=\"300\" src=\"http:\/\/www.lraakmda.fr\/wp-content\/uploads\/2021\/08\/R-1-1-300x300.png\" alt=\"\" data-id=\"14031\" data-full-url=\"http:\/\/www.lraakmda.fr\/wp-content\/uploads\/2021\/08\/R-1-1.png\" data-link=\"http:\/\/www.lraakmda.fr\/?attachment_id=14031\" class=\"wp-image-14031\" srcset=\"https:\/\/www.lraakmda.fr\/wp-content\/uploads\/2021\/08\/R-1-1-300x300.png 300w, https:\/\/www.lraakmda.fr\/wp-content\/uploads\/2021\/08\/R-1-1-150x150.png 150w, https:\/\/www.lraakmda.fr\/wp-content\/uploads\/2021\/08\/R-1-1-768x767.png 768w, https:\/\/www.lraakmda.fr\/wp-content\/uploads\/2021\/08\/R-1-1-146x146.png 146w, https:\/\/www.lraakmda.fr\/wp-content\/uploads\/2021\/08\/R-1-1-50x50.png 50w, https:\/\/www.lraakmda.fr\/wp-content\/uploads\/2021\/08\/R-1-1-75x75.png 75w, https:\/\/www.lraakmda.fr\/wp-content\/uploads\/2021\/08\/R-1-1-85x85.png 85w, https:\/\/www.lraakmda.fr\/wp-content\/uploads\/2021\/08\/R-1-1-80x80.png 80w, https:\/\/www.lraakmda.fr\/wp-content\/uploads\/2021\/08\/R-1-1.png 909w\" sizes=\"(max-width: 300px) 100vw, 300px\" \/><\/figure><\/li><\/ul><\/figure>\n\n\n\n<hr class=\"wp-block-separator is-style-wide\"\/>\n\n\n\n<h2>Equipe de formation<\/h2>\n\n\n\n<hr class=\"wp-block-separator is-style-wide\"\/>\n\n\n\n<div class=\"wp-block-buttons aligncenter\">\n<div class=\"wp-block-button\"><a class=\"wp-block-button__link has-blush-bordeaux-gradient-background has-background\" href=\"http:\/\/www.lraakmda.fr\/index.php\/pages\/formation-team\/\" target=\"_blank\" rel=\"noreferrer noopener\">Voir l&#8217;\u00e9quipe<\/a><\/div>\n\n\n\n<div class=\"wp-block-button\"><a class=\"wp-block-button__link has-blush-bordeaux-gradient-background has-background\" href=\"http:\/\/www.lraakmda.fr\/index.php\/pages\/contact\/\" target=\"_blank\" rel=\"noreferrer noopener\">Contact <\/a><\/div>\n<\/div>\n\n\n\n<p><\/p>\n","protected":false},"excerpt":{"rendered":"<p>FORMATION BPJEPS Public en situation de handicap Dans le cadre de son engagement \u00e9thique et responsable, la LRAAKMDA \u00e9tudie toutes les situations particuli\u00e8res des personnes souhaitant<span class=\"excerpt-hellip\"> [\u2026]<\/span><\/p>\n","protected":false},"author":1,"featured_media":13828,"parent":0,"menu_order":0,"comment_status":"open","ping_status":"open","template":"template-portfolio.php","meta":[],"_links":{"self":[{"href":"https:\/\/www.lraakmda.fr\/index.php\/wp-json\/wp\/v2\/pages\/205"}],"collection":[{"href":"https:\/\/www.lraakmda.fr\/index.php\/wp-json\/wp\/v2\/pages"}],"about":[{"href":"https:\/\/www.lraakmda.fr\/index.php\/wp-json\/wp\/v2\/types\/page"}],"author":[{"embeddable":true,"href":"https:\/\/www.lraakmda.fr\/index.php\/wp-json\/wp\/v2\/users\/1"}],"replies":[{"embeddable":true,"href":"https:\/\/www.lraakmda.fr\/index.php\/wp-json\/wp\/v2\/comments?post=205"}],"version-history":[{"count":55,"href":"https:\/\/www.lraakmda.fr\/index.php\/wp-json\/wp\/v2\/pages\/205\/revisions"}],"predecessor-version":[{"id":14138,"href":"https:\/\/www.lraakmda.fr\/index.php\/wp-json\/wp\/v2\/pages\/205\/revisions\/14138"}],"wp:featuredmedia":[{"embeddable":true,"href":"https:\/\/www.lraakmda.fr\/index.php\/wp-json\/wp\/v2\/media\/13828"}],"wp:attachment":[{"href":"https:\/\/www.lraakmda.fr\/index.php\/wp-json\/wp\/v2\/media?parent=205"}],"curies":[{"name":"wp","href":"https:\/\/api.w.org\/{rel}","templated":true}]}}