{"id":5007,"date":"2016-11-14T10:31:04","date_gmt":"2016-11-14T09:31:04","guid":{"rendered":"http:\/\/www.lraakmda.fr\/?page_id=5007"},"modified":"2016-11-30T07:56:54","modified_gmt":"2016-11-30T06:56:54","slug":"ag-20161112-bj","status":"publish","type":"page","link":"https:\/\/www.lraakmda.fr\/index.php\/pages\/ag-20161112-bj\/","title":{"rendered":"Assembl\u00e9e G\u00e9n\u00e9rale &#8211; 12 Novembre 2016 &#8211; Bourgoin-Jallieu"},"content":{"rendered":"","protected":false},"excerpt":{"rendered":"","protected":false},"author":1,"featured_media":3526,"parent":342,"menu_order":0,"comment_status":"open","ping_status":"open","template":"","meta":[],"_links":{"self":[{"href":"https:\/\/www.lraakmda.fr\/index.php\/wp-json\/wp\/v2\/pages\/5007"}],"collection":[{"href":"https:\/\/www.lraakmda.fr\/index.php\/wp-json\/wp\/v2\/pages"}],"about":[{"href":"https:\/\/www.lraakmda.fr\/index.php\/wp-json\/wp\/v2\/types\/page"}],"author":[{"embeddable":true,"href":"https:\/\/www.lraakmda.fr\/index.php\/wp-json\/wp\/v2\/users\/1"}],"replies":[{"embeddable":true,"href":"https:\/\/www.lraakmda.fr\/index.php\/wp-json\/wp\/v2\/comments?post=5007"}],"version-history":[{"count":1,"href":"https:\/\/www.lraakmda.fr\/index.php\/wp-json\/wp\/v2\/pages\/5007\/revisions"}],"predecessor-version":[{"id":5008,"href":"https:\/\/www.lraakmda.fr\/index.php\/wp-json\/wp\/v2\/pages\/5007\/revisions\/5008"}],"up":[{"embeddable":true,"href":"https:\/\/www.lraakmda.fr\/index.php\/wp-json\/wp\/v2\/pages\/342"}],"wp:featuredmedia":[{"embeddable":true,"href":"https:\/\/www.lraakmda.fr\/index.php\/wp-json\/wp\/v2\/media\/3526"}],"wp:attachment":[{"href":"https:\/\/www.lraakmda.fr\/index.php\/wp-json\/wp\/v2\/media?parent=5007"}],"curies":[{"name":"wp","href":"https:\/\/api.w.org\/{rel}","templated":true}]}}