{"id":6350,"date":"2016-12-15T05:58:23","date_gmt":"2016-12-15T04:58:23","guid":{"rendered":"http:\/\/www.lraakmda.fr\/?page_id=6350"},"modified":"2016-12-15T05:58:23","modified_gmt":"2016-12-15T04:58:23","slug":"video-regroupement-mt-10-decembre-2016-lyon3","status":"publish","type":"page","link":"https:\/\/www.lraakmda.fr\/index.php\/pages\/video-regroupement-mt-10-decembre-2016-lyon3\/","title":{"rendered":"Vid\u00e9o Regroupement Muay Tha\u00ef &#8211; 10 D\u00e9cembre 2016 &#8211; LYON 3"},"content":{"rendered":"","protected":false},"excerpt":{"rendered":"","protected":false},"author":1,"featured_media":3526,"parent":342,"menu_order":0,"comment_status":"open","ping_status":"open","template":"","meta":[],"_links":{"self":[{"href":"https:\/\/www.lraakmda.fr\/index.php\/wp-json\/wp\/v2\/pages\/6350"}],"collection":[{"href":"https:\/\/www.lraakmda.fr\/index.php\/wp-json\/wp\/v2\/pages"}],"about":[{"href":"https:\/\/www.lraakmda.fr\/index.php\/wp-json\/wp\/v2\/types\/page"}],"author":[{"embeddable":true,"href":"https:\/\/www.lraakmda.fr\/index.php\/wp-json\/wp\/v2\/users\/1"}],"replies":[{"embeddable":true,"href":"https:\/\/www.lraakmda.fr\/index.php\/wp-json\/wp\/v2\/comments?post=6350"}],"version-history":[{"count":1,"href":"https:\/\/www.lraakmda.fr\/index.php\/wp-json\/wp\/v2\/pages\/6350\/revisions"}],"predecessor-version":[{"id":6351,"href":"https:\/\/www.lraakmda.fr\/index.php\/wp-json\/wp\/v2\/pages\/6350\/revisions\/6351"}],"up":[{"embeddable":true,"href":"https:\/\/www.lraakmda.fr\/index.php\/wp-json\/wp\/v2\/pages\/342"}],"wp:featuredmedia":[{"embeddable":true,"href":"https:\/\/www.lraakmda.fr\/index.php\/wp-json\/wp\/v2\/media\/3526"}],"wp:attachment":[{"href":"https:\/\/www.lraakmda.fr\/index.php\/wp-json\/wp\/v2\/media?parent=6350"}],"curies":[{"name":"wp","href":"https:\/\/api.w.org\/{rel}","templated":true}]}}